{"id":28,"date":"2019-01-06T15:34:56","date_gmt":"2019-01-06T15:34:56","guid":{"rendered":"http:\/\/wp.bonner-initiative-grundeinkommen.de\/?page_id=28"},"modified":"2022-09-13T12:48:55","modified_gmt":"2022-09-13T12:48:55","slug":"aktuelles","status":"publish","type":"page","link":"http:\/\/wp.bonner-initiative-grundeinkommen.de\/?page_id=28","title":{"rendered":"Aktuelles"},"content":{"rendered":"<p><\/p>\n<p><!--StartFragment--><\/p>\n\n\n<h4 id=\"mce_0\"><strong>Samstag, 17.9.2022, 11-17h Bonner M\u00fcnsterplatz<\/strong><\/h4>\n\n\n\n<p><strong>Stand zum Thema BGE und Nachhaltigkeit von der Bonner Initiative Grundeinkommen<\/strong><\/p>\n\n\n<p><!--EndFragment--><a href=\"https:\/\/rundum-nachhaltig.bonn.de\">Rahmenprogram der Stadt Bonn<\/a><\/p>\n<p><img src=\"https:\/\/www.bonn.de\/microsite\/rundum-nachhaltig\/programm\/index.php.media\/176601\/PL_rundumnachhaltig_2022_3008_A1_PRINT.jpg.scaled\/7b924a5472196c606ed1b83deb468341.jpg\"><\/p>\n\n\n<p><strong>Treffen am 8.1.2019, 19h<\/strong><\/p>\n\n\n\n<p>Macke-Treff in der&nbsp;Vorgebirgsstra\u00dfe 43, 53111 Bonn<\/p>\n\n\n\n<p>Die Treffen finden immer am zweiten Dienstag im Monat statt.<\/p>\n\n\n\n<p>Liebe\nMitglieder und FreundInnen der Bonner Initiative Grundeinkommen e.V.,<\/p>\n\n\n\n<p>der\n(Rest-)Vorstand m\u00f6chte euch herzlich zur n\u00e4chsten ordentlichen\nMitgliederversammlung einladen. Sie findet statt am Dienstag, 8.1.2019 um 19\nUhr im <strong>Macke-Treff,<\/strong> <strong>Vorgebirgsstra\u00dfe\n43, 53119 Bonn. <\/strong>Die\nTagesordnung findet ihr unten. F\u00fcr Nichtmitglieder auch eine M\u00f6glichkeit,\nMitglied im Verein zu werden.<\/p>\n\n\n\n<p>Wirm\u00f6chten <strong>alle&nbsp;<\/strong>bitten, zu \u00fcberlegen, ob Lust und Interesse besteht, die Arbeit des Vereins als Vorstand und oder Schatzmeister zu unterst\u00fctzen.<\/p>\n\n\n\n<p><\/p>\n\n\n\n<p>Ihr\nk\u00f6nnt gerne etwas zum Knabbern und zum Trinken mitbringen.<\/p>\n\n\n\n<p>Herzliche\nGr\u00fc\u00dfe<\/p>\n\n\n\n<p>Ulrich<\/p>\n\n\n\n<p><\/p>\n\n\n\n<p><strong>Bonner Initiative Grundeinkommen e.V.<\/strong><\/p>\n\n\n\n<p><strong>Bonn, den 18.12.2018<\/strong><\/p>\n\n\n\n<p><strong>Einladung zur Mitgliederversammlung am\nDienstag, den 8.1.2019 um 19 Uhr<\/strong><\/p>\n\n\n\n<p><strong>im Macke-Treff,<\/strong>\n<strong>Vorgebirgsstra\u00dfe\n43, Bonn<\/strong><\/p>\n\n\n\n<p>ZurMitgliederversammlung laden wir alle Mitglieder unseres Vereins herzlich ein. Auch Nichtmitglieder sind herzlich willkommen. <\/p>\n\n\n\n<p>Folgende\nTagesordnung ist vorgesehen:<\/p>\n\n\n\n<ol><li>Begr\u00fc\u00dfung\ndurch den Vorstand, Beschluss \u00fcber die Protokollf\u00fchrung, Feststellung, ob\nfristgerecht eingeladen worden ist, Feststellung der Beschlussf\u00e4higkeit, Wahl\neines Versammlungsleiters.<\/li><li>Aufnahme\nneuer Mitglieder<\/li><li>Annahme\nder Tagesordnung<\/li><li>Bericht\ndes Vorstandes<\/li><li>Erstattung\ndes Kassenberichts einschlie\u00dflich des Berichts der Kassenpr\u00fcfung<\/li><li>Beschluss\n\u00fcber die Entlastung des Vorstandes<\/li><li>Ausblick\nauf 2019 (finanziell und inhaltlich)<\/li><li>Wahlen\nzum Vorstand (Vorstand und Kassenf\u00fchrung) und Wahl der Kassenpr\u00fcferInnen f\u00fcr\ndie Dauer von einem Jahr<\/li><li>Sonstiges<\/li><\/ol>\n\n\n\n<p>Mit\nherzlichen BGE-Gr\u00fc\u00dfen, der (Rest-)Vorstand<\/p>\n\n\n\n<p>G\u00fcnter\nPohl<\/p>\n\n\n\n<p>Ulrich\nBuchholz<\/p>\n\n\n\n<p><strong>Satzung vom 28. Mai 2013<\/strong><\/p>\n\n\n\n<ul><li><strong>\u00a7\n8 Mitgliederversammlung<\/strong><\/li><\/ul>\n\n\n\n<p>(3)\nDie Einberufung der Mitgliederversammlung erfolgt schriftlich durch den\nVorstand unter Wahrung einer Einladungsfrist von mindestens drei Wochen bei\ngleichzeitiger Bekanntgabe der Tagesordnung.<\/p>\n\n\n\n<p>(4)\nSie bestellt zwei Rechnungspr\u00fcfer, die weder dem Vorstand noch einem vom<\/p>\n\n\n\n<p>Vorstand\nberufenen Gremium angeh\u00f6ren und auch nicht Angestellte des<\/p>\n\n\n\n<p>Vereins\nsein d\u00fcrfen, um die Buchf\u00fchrung einschlie\u00dflich Jahresabschluss zu<\/p>\n\n\n\n<p>pr\u00fcfen\nund \u00fcber das Ergebnis vor der Mitgliederversammlung zu berichten.<\/p>\n\n\n\n<p>(5)\nJede satzungsm\u00e4\u00dfig einberufene Mitgliederversammlung wird als beschlussf\u00e4hig\nanerkannt, wenn mindestens 5 Mitglieder und mindestens 10 % der Mitglieder\nanwesend sind. Jedes Mitglied hat eine Stimme.<\/p>\n\n\n\n<ul><li><strong>\u00a7\n9 Der Vorstand<\/strong><\/li><\/ul>\n\n\n\n<p>(2)\nDer Vorstand wird von der Mitgliederversammlung f\u00fcr die Dauer von einem Jahr\ngew\u00e4hlt. Die Wiederwahl der Vorstandsmitglieder ist m\u00f6glich. Die jeweils\namtierenden Vorstandsmitglieder bleiben nach Ablauf ihrer Amtszeit im Amt, bis\nNachfolger gew\u00e4hlt sind.<\/p>\n\n\n\n<ul><li><strong>\u00a7\n10<\/strong> Schatzmeister<br>\n(1) Der Schatzmeister des Vereins wird von der Mitgliederversammlung<br>\ngew\u00e4hlt und muss nicht Vorstandsmitglied sein.<\/li><\/ul>\n\n\n\n<p><strong>Kontakt zur Bonner Initiative:<\/strong><\/p>\n\n\n\n<p><a href=\"http:\/\/www.grundeinkommen-bonn.de\/\" target=\"_blank\" rel=\"noreferrer noopener\">www.grundeinkommen-bonn.de<\/a><\/p>\n\n\n\n<p><a href=\"mailto:bonn@grundeinkommen.de\">bonn@grundeinkommen.de<\/a><\/p>\n\n\n\n<p><strong>Unterst\u00fctzung<\/strong><\/p>\n\n\n\n<p>Unterst\u00fctzen\nSie bitte die Idee mit einer Spende an den gemeinn\u00fctzigen Verein \u201eBonner\nInitiative Grundeinkommen e.V.\u201c<\/p>\n\n\n\n<p>IBAN:\nDE80380601861305142014 bei Volksbank Bonn\nRhein-Sieg!<\/p>\n\n\n\n<p><\/p>\n\n\n\n<p><\/p>\n","protected":false},"excerpt":{"rendered":"<p>Samstag, 17.9.2022, 11-17h Bonner M\u00fcnsterplatz Stand zum Thema BGE und Nachhaltigkeit von der Bonner Initiative Grundeinkommen Rahmenprogram der Stadt Bonn Treffen am 8.1.2019, 19h Macke-Treff in der&nbsp;Vorgebirgsstra\u00dfe 43, 53111 Bonn Die Treffen finden immer am zweiten Dienstag im Monat statt. Liebe Mitglieder und FreundInnen der Bonner Initiative Grundeinkommen e.V., der (Rest-)Vorstand m\u00f6chte euch herzlich zur &hellip; <\/p>\n<p class=\"link-more\"><a href=\"http:\/\/wp.bonner-initiative-grundeinkommen.de\/?page_id=28\" class=\"more-link\"><span class=\"screen-reader-text\">&#8222;Aktuelles&#8220;<\/span> weiterlesen<\/a><\/p>\n","protected":false},"author":1,"featured_media":0,"parent":0,"menu_order":0,"comment_status":"closed","ping_status":"closed","template":"","meta":[],"_links":{"self":[{"href":"http:\/\/wp.bonner-initiative-grundeinkommen.de\/index.php?rest_route=\/wp\/v2\/pages\/28"}],"collection":[{"href":"http:\/\/wp.bonner-initiative-grundeinkommen.de\/index.php?rest_route=\/wp\/v2\/pages"}],"about":[{"href":"http:\/\/wp.bonner-initiative-grundeinkommen.de\/index.php?rest_route=\/wp\/v2\/types\/page"}],"author":[{"embeddable":true,"href":"http:\/\/wp.bonner-initiative-grundeinkommen.de\/index.php?rest_route=\/wp\/v2\/users\/1"}],"replies":[{"embeddable":true,"href":"http:\/\/wp.bonner-initiative-grundeinkommen.de\/index.php?rest_route=%2Fwp%2Fv2%2Fcomments&post=28"}],"version-history":[{"count":8,"href":"http:\/\/wp.bonner-initiative-grundeinkommen.de\/index.php?rest_route=\/wp\/v2\/pages\/28\/revisions"}],"predecessor-version":[{"id":634,"href":"http:\/\/wp.bonner-initiative-grundeinkommen.de\/index.php?rest_route=\/wp\/v2\/pages\/28\/revisions\/634"}],"wp:attachment":[{"href":"http:\/\/wp.bonner-initiative-grundeinkommen.de\/index.php?rest_route=%2Fwp%2Fv2%2Fmedia&parent=28"}],"curies":[{"name":"wp","href":"https:\/\/api.w.org\/{rel}","templated":true}]}}